{"id":25980,"date":"2022-09-25T11:01:06","date_gmt":"2022-09-25T11:01:06","guid":{"rendered":"http:\/\/www.demsas.tradebursa.com\/about-us\/"},"modified":"2023-10-31T14:17:09","modified_gmt":"2023-10-31T14:17:09","slug":"about-us","status":"publish","type":"page","link":"https:\/\/www.demsasmetal.com\/en\/about-us\/","title":{"rendered":"About Us"},"content":{"rendered":"\t\t<div data-elementor-type=\"wp-page\" data-elementor-id=\"25980\" class=\"elementor elementor-25980\">\n\t\t\t\t\t\t<section class=\"elementor-section elementor-top-section elementor-element elementor-element-9767e4f elementor-section-boxed elementor-section-height-default elementor-section-height-default sc_fly_static\" data-id=\"9767e4f\" data-element_type=\"section\">\n\t\t\t\t\t\t<div class=\"elementor-container elementor-column-gap-extended\">\n\t\t\t\t\t<div class=\"elementor-column elementor-col-100 elementor-top-column elementor-element elementor-element-2513f25 sc_inner_width_none sc_content_align_inherit sc_layouts_column_icons_position_left sc_fly_static\" data-id=\"2513f25\" data-element_type=\"column\">\n\t\t\t<div class=\"elementor-widget-wrap elementor-element-populated\">\n\t\t\t\t\t\t<div class=\"elementor-element elementor-element-86dfc7e sc_fly_static elementor-widget elementor-widget-heading\" data-id=\"86dfc7e\" data-element_type=\"widget\" data-widget_type=\"heading.default\">\n\t\t\t\t<div class=\"elementor-widget-container\">\n\t\t\t\t\t<h2 class=\"elementor-heading-title elementor-size-default\">About Us<\/h2>\t\t\t\t<\/div>\n\t\t\t\t<\/div>\n\t\t\t\t\t<\/div>\n\t\t<\/div>\n\t\t\t\t\t<\/div>\n\t\t<\/section>\n\t\t\t\t<section class=\"elementor-section elementor-top-section elementor-element elementor-element-bf1b8fb elementor-section-full_width elementor-section-height-default elementor-section-height-default sc_fly_static\" data-id=\"bf1b8fb\" data-element_type=\"section\">\n\t\t\t\t\t\t<div class=\"elementor-container elementor-column-gap-no\">\n\t\t\t\t\t<div class=\"elementor-column elementor-col-100 elementor-top-column elementor-element elementor-element-8e566db sc_inner_width_none sc_content_align_inherit sc_layouts_column_icons_position_left sc_fly_static\" data-id=\"8e566db\" data-element_type=\"column\">\n\t\t\t<div class=\"elementor-widget-wrap elementor-element-populated\">\n\t\t\t\t\t\t<section class=\"elementor-section elementor-inner-section elementor-element elementor-element-951c814 elementor-section-content-top elementor-section-boxed elementor-section-height-default elementor-section-height-default sc_fly_static\" data-id=\"951c814\" data-element_type=\"section\">\n\t\t\t\t\t\t<div class=\"elementor-container elementor-column-gap-extended\">\n\t\t\t\t\t<div class=\"elementor-column elementor-col-100 elementor-inner-column elementor-element elementor-element-6367de3 sc_inner_width_none sc_content_align_inherit sc_layouts_column_icons_position_left sc_fly_static\" data-id=\"6367de3\" data-element_type=\"column\">\n\t\t\t<div class=\"elementor-widget-wrap elementor-element-populated\">\n\t\t\t\t\t\t<div class=\"elementor-element elementor-element-3da844e sc_fly_static elementor-widget elementor-widget-spacer\" data-id=\"3da844e\" data-element_type=\"widget\" data-widget_type=\"spacer.default\">\n\t\t\t\t<div class=\"elementor-widget-container\">\n\t\t\t\t\t\t\t<div class=\"elementor-spacer\">\n\t\t\t<div class=\"elementor-spacer-inner\"><\/div>\n\t\t<\/div>\n\t\t\t\t\t\t<\/div>\n\t\t\t\t<\/div>\n\t\t\t\t<div class=\"elementor-element elementor-element-5a4b760 sc_fly_static elementor-widget elementor-widget-text-editor\" data-id=\"5a4b760\" data-element_type=\"widget\" data-widget_type=\"text-editor.default\">\n\t\t\t\t<div class=\"elementor-widget-container\">\n\t\t\t\t\t\t\t\t\t<p>Founded by Mehmet \u00c7okya\u015far in 1984, Demsa\u015f Metal operates in Silivri De\u011firmenk\u00f6y with a working area of 15,000 square meters and 170 employees. Our Company, which works in the field of aluminum profile production and makes significant contributions to the economy of our country with its exports to more than 30 countries, has succeeded in becoming one of the rare fully integrated aluminum facilities in its sector since its establishment. In our Company, various aluminum profile designs and productions are made to be used in different sectors. Demsa\u015f Metal, which has made many innovations in the production of aluminum profiles used in different business areas as well as the demands of the market; with its 39 years of experience, the international quality standards it has adopted, its sensitive attitude that protects the environment and its innovative approach, it continues its development and continuity day by day. By following technological developments closely; it has been one of the basic policies of our Company since it&#8217;s establishment to include all production stages from the drawing stage to extrusion mold design, from profile production to surface treatments and to meet the demands of our customers in the shortest time.<\/p>\t\t\t\t\t\t\t\t<\/div>\n\t\t\t\t<\/div>\n\t\t\t\t\t<\/div>\n\t\t<\/div>\n\t\t\t\t\t<\/div>\n\t\t<\/section>\n\t\t\t\t\t<\/div>\n\t\t<\/div>\n\t\t\t\t\t<\/div>\n\t\t<\/section>\n\t\t\t\t<\/div>\n\t\t","protected":false},"excerpt":{"rendered":"<p>About Us Founded by Mehmet \u00c7okya\u015far in 1984, Demsa\u015f Metal operates in Silivri De\u011firmenk\u00f6y with a working area of 15,000 square meters and 170 employees. Our Company, which works in&hellip;<\/p>\n","protected":false},"author":1,"featured_media":0,"parent":0,"menu_order":0,"comment_status":"closed","ping_status":"closed","template":"","meta":{"footnotes":""},"class_list":["post-25980","page","type-page","status-publish","hentry"],"aioseo_notices":[],"_links":{"self":[{"href":"https:\/\/www.demsasmetal.com\/en\/wp-json\/wp\/v2\/pages\/25980","targetHints":{"allow":["GET"]}}],"collection":[{"href":"https:\/\/www.demsasmetal.com\/en\/wp-json\/wp\/v2\/pages"}],"about":[{"href":"https:\/\/www.demsasmetal.com\/en\/wp-json\/wp\/v2\/types\/page"}],"author":[{"embeddable":true,"href":"https:\/\/www.demsasmetal.com\/en\/wp-json\/wp\/v2\/users\/1"}],"replies":[{"embeddable":true,"href":"https:\/\/www.demsasmetal.com\/en\/wp-json\/wp\/v2\/comments?post=25980"}],"version-history":[{"count":71,"href":"https:\/\/www.demsasmetal.com\/en\/wp-json\/wp\/v2\/pages\/25980\/revisions"}],"predecessor-version":[{"id":29842,"href":"https:\/\/www.demsasmetal.com\/en\/wp-json\/wp\/v2\/pages\/25980\/revisions\/29842"}],"wp:attachment":[{"href":"https:\/\/www.demsasmetal.com\/en\/wp-json\/wp\/v2\/media?parent=25980"}],"curies":[{"name":"wp","href":"https:\/\/api.w.org\/{rel}","templated":true}]}}