{"id":25982,"date":"2023-03-15T08:07:02","date_gmt":"2023-03-15T08:07:02","guid":{"rendered":"http:\/\/www.demsas.tradebursa.com\/kalite-belgelerimiz\/"},"modified":"2025-12-29T11:10:57","modified_gmt":"2025-12-29T11:10:57","slug":"quality-certificates","status":"publish","type":"page","link":"https:\/\/www.demsasmetal.com\/en\/quality-certificates\/","title":{"rendered":"Quality Certificates"},"content":{"rendered":"\t\t<div data-elementor-type=\"wp-page\" data-elementor-id=\"25982\" class=\"elementor elementor-25982\">\n\t\t\t\t\t\t<section class=\"elementor-section elementor-top-section elementor-element elementor-element-0f6e83e elementor-section-boxed elementor-section-height-default elementor-section-height-default sc_fly_static\" data-id=\"0f6e83e\" data-element_type=\"section\">\n\t\t\t\t\t\t<div class=\"elementor-container elementor-column-gap-extended\">\n\t\t\t\t\t<div class=\"elementor-column elementor-col-100 elementor-top-column elementor-element elementor-element-7817088 sc_inner_width_none sc_content_align_inherit sc_layouts_column_icons_position_left sc_fly_static\" data-id=\"7817088\" data-element_type=\"column\">\n\t\t\t<div class=\"elementor-widget-wrap elementor-element-populated\">\n\t\t\t\t\t\t<div class=\"elementor-element elementor-element-18fe4ed sc_fly_static elementor-widget elementor-widget-heading\" data-id=\"18fe4ed\" data-element_type=\"widget\" data-widget_type=\"heading.default\">\n\t\t\t\t<div class=\"elementor-widget-container\">\n\t\t\t\t\t<h2 class=\"elementor-heading-title elementor-size-default\">Quality Certificates<\/h2>\t\t\t\t<\/div>\n\t\t\t\t<\/div>\n\t\t\t\t\t<\/div>\n\t\t<\/div>\n\t\t\t\t\t<\/div>\n\t\t<\/section>\n\t\t\t\t<section class=\"elementor-section elementor-top-section elementor-element elementor-element-e83e183 elementor-section-boxed elementor-section-height-default elementor-section-height-default sc_fly_static\" data-id=\"e83e183\" data-element_type=\"section\">\n\t\t\t\t\t\t<div class=\"elementor-container elementor-column-gap-extended\">\n\t\t\t\t\t<div class=\"elementor-column elementor-col-100 elementor-top-column elementor-element elementor-element-071156d sc_inner_width_none sc_content_align_inherit sc_layouts_column_icons_position_left sc_fly_static\" data-id=\"071156d\" data-element_type=\"column\">\n\t\t\t<div class=\"elementor-widget-wrap elementor-element-populated\">\n\t\t\t\t\t\t<div class=\"elementor-element elementor-element-c72395c sc_fly_static elementor-widget elementor-widget-text-editor\" data-id=\"c72395c\" data-element_type=\"widget\" data-widget_type=\"text-editor.default\">\n\t\t\t\t<div class=\"elementor-widget-container\">\n\t\t\t\t\t\t\t\t\t<p>As Demsa\u015f Metal, we always renew your certification processes in terms of quality and assurance<\/p>\t\t\t\t\t\t\t\t<\/div>\n\t\t\t\t<\/div>\n\t\t\t\t\t<\/div>\n\t\t<\/div>\n\t\t\t\t\t<\/div>\n\t\t<\/section>\n\t\t\t\t<section class=\"elementor-section elementor-top-section elementor-element elementor-element-77b05ab elementor-section-boxed elementor-section-height-default elementor-section-height-default sc_fly_static\" data-id=\"77b05ab\" data-element_type=\"section\">\n\t\t\t\t\t\t<div class=\"elementor-container elementor-column-gap-extended\">\n\t\t\t\t\t<div class=\"elementor-column elementor-col-25 elementor-top-column elementor-element elementor-element-32e99cd sc_inner_width_none sc_content_align_inherit sc_layouts_column_icons_position_left sc_fly_static\" data-id=\"32e99cd\" data-element_type=\"column\">\n\t\t\t<div class=\"elementor-widget-wrap elementor-element-populated\">\n\t\t\t\t\t\t<div class=\"elementor-element elementor-element-da70693 sc_fly_static elementor-widget elementor-widget-trx_sc_icons\" data-id=\"da70693\" data-element_type=\"widget\" data-widget_type=\"trx_sc_icons.default\">\n\t\t\t\t<div class=\"elementor-widget-container\">\n\t\t\t\t\t<div     class=\"sc_icons sc_icons_light sc_icons_size_medium sc_align_left\" ><div class=\"sc_icons_item sc_icons_item_linked with_more\"><div class=\"sc_icons_icon sc_icon_type_ icon-file-pdf\" style=\"color: #E2241F\" ><span class=\"sc_icon_type_ icon-file-pdf\" style=\"color: #E2241F\"><\/span><\/div><div class=\"sc_icons_item_details\"><h4 class=\"sc_icons_item_title\" style=\"color:#000000;\"><a href=\"https:\/\/www.demsasmetal.com\/wp-content\/uploads\/2025\/12\/14001-ing-sertifika.pdf\" target=\"_blank\">\n                        \u00c7EVRE Y\u00d6NET\u0130M S\u0130STEM\u0130 ISO 14001                        <\/a><\/h4><a href=\"https:\/\/www.demsasmetal.com\/wp-content\/uploads\/2025\/12\/14001-ing-sertifika.pdf\" class=\"sc_icons_item_more_link\" target=\"_blank\">\n                <span class=\"link_text\">View PDF<\/span><span class=\"link_icon\"><\/span>\n                <\/a><a href=\"https:\/\/www.demsasmetal.com\/wp-content\/uploads\/2025\/12\/14001-ing-sertifika.pdf\"\n                class=\"sc_icons_item_link\" target=\"_blank\">\n                <\/a><\/div><\/div><\/div><!-- \/.sc_icons -->\t\t\t\t<\/div>\n\t\t\t\t<\/div>\n\t\t\t\t\t<\/div>\n\t\t<\/div>\n\t\t\t\t<div class=\"elementor-column elementor-col-25 elementor-top-column elementor-element elementor-element-c1a6a85 sc_inner_width_none sc_content_align_inherit sc_layouts_column_icons_position_left sc_fly_static\" data-id=\"c1a6a85\" data-element_type=\"column\">\n\t\t\t<div class=\"elementor-widget-wrap elementor-element-populated\">\n\t\t\t\t\t\t<div class=\"elementor-element elementor-element-3bdd504 sc_fly_static elementor-widget elementor-widget-trx_sc_icons\" data-id=\"3bdd504\" data-element_type=\"widget\" data-widget_type=\"trx_sc_icons.default\">\n\t\t\t\t<div class=\"elementor-widget-container\">\n\t\t\t\t\t<div     class=\"sc_icons sc_icons_light sc_icons_size_medium sc_align_left\" ><div class=\"sc_icons_item sc_icons_item_linked with_more\"><div class=\"sc_icons_icon sc_icon_type_ icon-file-pdf\" style=\"color: #E2241F\" ><span class=\"sc_icon_type_ icon-file-pdf\" style=\"color: #E2241F\"><\/span><\/div><div class=\"sc_icons_item_details\"><h4 class=\"sc_icons_item_title\" style=\"color:#000000;\"><a href=\"https:\/\/www.demsasmetal.com\/wp-content\/uploads\/2025\/12\/14001-ing-sertifika.pdf\" target=\"_blank\">\n                        ENVIRONMENTAL MANAGEMENT SYSTEM                        <\/a><\/h4><a href=\"https:\/\/www.demsasmetal.com\/wp-content\/uploads\/2025\/12\/14001-ing-sertifika.pdf\" class=\"sc_icons_item_more_link\" target=\"_blank\">\n                <span class=\"link_text\">View PDF<\/span><span class=\"link_icon\"><\/span>\n                <\/a><a href=\"https:\/\/www.demsasmetal.com\/wp-content\/uploads\/2025\/12\/14001-ing-sertifika.pdf\"\n                class=\"sc_icons_item_link\" target=\"_blank\">\n                <\/a><\/div><\/div><\/div><!-- \/.sc_icons -->\t\t\t\t<\/div>\n\t\t\t\t<\/div>\n\t\t\t\t\t<\/div>\n\t\t<\/div>\n\t\t\t\t<div class=\"elementor-column elementor-col-25 elementor-top-column elementor-element elementor-element-debad24 sc_inner_width_none sc_content_align_inherit sc_layouts_column_icons_position_left sc_fly_static\" data-id=\"debad24\" data-element_type=\"column\">\n\t\t\t<div class=\"elementor-widget-wrap elementor-element-populated\">\n\t\t\t\t\t\t<div class=\"elementor-element elementor-element-f087022 sc_fly_static elementor-widget elementor-widget-trx_sc_icons\" data-id=\"f087022\" data-element_type=\"widget\" data-widget_type=\"trx_sc_icons.default\">\n\t\t\t\t<div class=\"elementor-widget-container\">\n\t\t\t\t\t<div     class=\"sc_icons sc_icons_light sc_icons_size_medium sc_align_left\" ><div class=\"sc_icons_item sc_icons_item_linked with_more\"><div class=\"sc_icons_icon sc_icon_type_ icon-file-pdf\" style=\"color: #E2241F\" ><span class=\"sc_icon_type_ icon-file-pdf\" style=\"color: #E2241F\"><\/span><\/div><div class=\"sc_icons_item_details\"><h4 class=\"sc_icons_item_title\" style=\"color:#000000;\"><a href=\"https:\/\/www.demsasmetal.com\/wp-content\/uploads\/2025\/12\/15088.pdf\" target=\"_blank\">\n                        EN 15088                        <\/a><\/h4><a href=\"https:\/\/www.demsasmetal.com\/wp-content\/uploads\/2025\/12\/15088.pdf\" class=\"sc_icons_item_more_link\" target=\"_blank\">\n                <span class=\"link_text\">View PDF<\/span><span class=\"link_icon\"><\/span>\n                <\/a><a href=\"https:\/\/www.demsasmetal.com\/wp-content\/uploads\/2025\/12\/15088.pdf\"\n                class=\"sc_icons_item_link\" target=\"_blank\">\n                <\/a><\/div><\/div><\/div><!-- \/.sc_icons -->\t\t\t\t<\/div>\n\t\t\t\t<\/div>\n\t\t\t\t\t<\/div>\n\t\t<\/div>\n\t\t\t\t<div class=\"elementor-column elementor-col-25 elementor-top-column elementor-element elementor-element-5b8a52e sc_inner_width_none sc_content_align_inherit sc_layouts_column_icons_position_left sc_fly_static\" data-id=\"5b8a52e\" data-element_type=\"column\">\n\t\t\t<div class=\"elementor-widget-wrap elementor-element-populated\">\n\t\t\t\t\t\t<div class=\"elementor-element elementor-element-695a505 sc_fly_static elementor-widget elementor-widget-trx_sc_icons\" data-id=\"695a505\" data-element_type=\"widget\" data-widget_type=\"trx_sc_icons.default\">\n\t\t\t\t<div class=\"elementor-widget-container\">\n\t\t\t\t\t<div     class=\"sc_icons sc_icons_light sc_icons_size_medium sc_align_left\" ><div class=\"sc_icons_item sc_icons_item_linked with_more\"><div class=\"sc_icons_icon sc_icon_type_ icon-file-pdf\" style=\"color: #E2241F\" ><span class=\"sc_icon_type_ icon-file-pdf\" style=\"color: #E2241F\"><\/span><\/div><div class=\"sc_icons_item_details\"><h4 class=\"sc_icons_item_title\" style=\"color:#000000;\"><a href=\"https:\/\/www.demsasmetal.com\/wp-content\/uploads\/2025\/12\/45001-sertifikasi.pdf\" target=\"_blank\">\n                        ISO 45001                        <\/a><\/h4><a href=\"https:\/\/www.demsasmetal.com\/wp-content\/uploads\/2025\/12\/45001-sertifikasi.pdf\" class=\"sc_icons_item_more_link\" target=\"_blank\">\n                <span class=\"link_text\">PDF G\u00f6r\u00fcnt\u00fcle<\/span><span class=\"link_icon\"><\/span>\n                <\/a><a href=\"https:\/\/www.demsasmetal.com\/wp-content\/uploads\/2025\/12\/45001-sertifikasi.pdf\"\n                class=\"sc_icons_item_link\" target=\"_blank\">\n                <\/a><\/div><\/div><\/div><!-- \/.sc_icons -->\t\t\t\t<\/div>\n\t\t\t\t<\/div>\n\t\t\t\t\t<\/div>\n\t\t<\/div>\n\t\t\t\t\t<\/div>\n\t\t<\/section>\n\t\t\t\t<section class=\"elementor-section elementor-top-section elementor-element elementor-element-6b7d506 elementor-section-boxed elementor-section-height-default elementor-section-height-default sc_fly_static\" data-id=\"6b7d506\" data-element_type=\"section\">\n\t\t\t\t\t\t<div class=\"elementor-container elementor-column-gap-extended\">\n\t\t\t\t\t<div class=\"elementor-column elementor-col-25 elementor-top-column elementor-element elementor-element-ec63adc sc_inner_width_none sc_content_align_inherit sc_layouts_column_icons_position_left sc_fly_static\" data-id=\"ec63adc\" data-element_type=\"column\">\n\t\t\t<div class=\"elementor-widget-wrap elementor-element-populated\">\n\t\t\t\t\t\t<div class=\"elementor-element elementor-element-31fcd16 sc_fly_static elementor-widget elementor-widget-trx_sc_icons\" data-id=\"31fcd16\" data-element_type=\"widget\" data-widget_type=\"trx_sc_icons.default\">\n\t\t\t\t<div class=\"elementor-widget-container\">\n\t\t\t\t\t<div     class=\"sc_icons sc_icons_light sc_icons_size_medium sc_align_left\" ><div class=\"sc_icons_item sc_icons_item_linked with_more\"><div class=\"sc_icons_icon sc_icon_type_ icon-file-pdf\" style=\"color: #E2241F\" ><span class=\"sc_icon_type_ icon-file-pdf\" style=\"color: #E2241F\"><\/span><\/div><div class=\"sc_icons_item_details\"><h4 class=\"sc_icons_item_title\" style=\"color:#000000;\"><a href=\"https:\/\/www.demsasmetal.com\/wp-content\/uploads\/2025\/12\/2025-03-DEMSAS_C-Coat_AYID_QUALICOAT-SEASIDE_Certificates-2025-17-1.pdf\" target=\"_blank\">\n                        QUALICOAT Specifications                        <\/a><\/h4><a href=\"https:\/\/www.demsasmetal.com\/wp-content\/uploads\/2025\/12\/2025-03-DEMSAS_C-Coat_AYID_QUALICOAT-SEASIDE_Certificates-2025-17-1.pdf\" class=\"sc_icons_item_more_link\" target=\"_blank\">\n                <span class=\"link_text\">PDF G\u00f6r\u00fcnt\u00fcle<\/span><span class=\"link_icon\"><\/span>\n                <\/a><a href=\"https:\/\/www.demsasmetal.com\/wp-content\/uploads\/2025\/12\/2025-03-DEMSAS_C-Coat_AYID_QUALICOAT-SEASIDE_Certificates-2025-17-1.pdf\"\n                class=\"sc_icons_item_link\" target=\"_blank\">\n                <\/a><\/div><\/div><\/div><!-- \/.sc_icons -->\t\t\t\t<\/div>\n\t\t\t\t<\/div>\n\t\t\t\t\t<\/div>\n\t\t<\/div>\n\t\t\t\t<div class=\"elementor-column elementor-col-25 elementor-top-column elementor-element elementor-element-4b28f72 sc_inner_width_none sc_content_align_inherit sc_layouts_column_icons_position_left sc_fly_static\" data-id=\"4b28f72\" data-element_type=\"column\">\n\t\t\t<div class=\"elementor-widget-wrap elementor-element-populated\">\n\t\t\t\t\t\t<div class=\"elementor-element elementor-element-825441f sc_fly_static elementor-widget elementor-widget-trx_sc_icons\" data-id=\"825441f\" data-element_type=\"widget\" data-widget_type=\"trx_sc_icons.default\">\n\t\t\t\t<div class=\"elementor-widget-container\">\n\t\t\t\t\t<div     class=\"sc_icons sc_icons_light sc_icons_size_medium sc_align_left\" ><div class=\"sc_icons_item sc_icons_item_linked with_more\"><div class=\"sc_icons_icon sc_icon_type_ icon-file-pdf\" style=\"color: #E2241F\" ><span class=\"sc_icon_type_ icon-file-pdf\" style=\"color: #E2241F\"><\/span><\/div><div class=\"sc_icons_item_details\"><h4 class=\"sc_icons_item_title\" style=\"color:#000000;\"><a href=\"https:\/\/www.demsasmetal.com\/wp-content\/uploads\/2025\/12\/9001-ing-sertifika.pdf\" target=\"_blank\">\n                        ISO 9001                        <\/a><\/h4><a href=\"https:\/\/www.demsasmetal.com\/wp-content\/uploads\/2025\/12\/9001-ing-sertifika.pdf\" class=\"sc_icons_item_more_link\" target=\"_blank\">\n                <span class=\"link_text\">PDF G\u00f6r\u00fcnt\u00fcle<\/span><span class=\"link_icon\"><\/span>\n                <\/a><a href=\"https:\/\/www.demsasmetal.com\/wp-content\/uploads\/2025\/12\/9001-ing-sertifika.pdf\"\n                class=\"sc_icons_item_link\" target=\"_blank\">\n                <\/a><\/div><\/div><\/div><!-- \/.sc_icons -->\t\t\t\t<\/div>\n\t\t\t\t<\/div>\n\t\t\t\t\t<\/div>\n\t\t<\/div>\n\t\t\t\t<div class=\"elementor-column elementor-col-25 elementor-top-column elementor-element elementor-element-60e2b55 sc_inner_width_none sc_content_align_inherit sc_layouts_column_icons_position_left sc_fly_static\" data-id=\"60e2b55\" data-element_type=\"column\">\n\t\t\t<div class=\"elementor-widget-wrap elementor-element-populated\">\n\t\t\t\t\t\t<div class=\"elementor-element elementor-element-838356c sc_fly_static elementor-widget elementor-widget-trx_sc_icons\" data-id=\"838356c\" data-element_type=\"widget\" data-widget_type=\"trx_sc_icons.default\">\n\t\t\t\t<div class=\"elementor-widget-container\">\n\t\t\t\t\t<div     class=\"sc_icons sc_icons_light sc_icons_size_medium sc_align_left\" ><div class=\"sc_icons_item sc_icons_item_linked with_more\"><div class=\"sc_icons_icon sc_icon_type_ icon-file-pdf\" style=\"color: #E2241F\" ><span class=\"sc_icon_type_ icon-file-pdf\" style=\"color: #E2241F\"><\/span><\/div><div class=\"sc_icons_item_details\"><h4 class=\"sc_icons_item_title\" style=\"color:#000000;\"><a href=\"https:\/\/www.demsasmetal.com\/wp-content\/uploads\/2025\/12\/2025-qoalanod-DEMSAS-METAL.pdf\" target=\"_blank\">\n                        QUALITY LABEL QUALANOD                        <\/a><\/h4><a href=\"https:\/\/www.demsasmetal.com\/wp-content\/uploads\/2025\/12\/2025-qoalanod-DEMSAS-METAL.pdf\" class=\"sc_icons_item_more_link\" target=\"_blank\">\n                <span class=\"link_text\">PDF G\u00f6r\u00fcnt\u00fcle<\/span><span class=\"link_icon\"><\/span>\n                <\/a><a href=\"https:\/\/www.demsasmetal.com\/wp-content\/uploads\/2025\/12\/2025-qoalanod-DEMSAS-METAL.pdf\"\n                class=\"sc_icons_item_link\" target=\"_blank\">\n                <\/a><\/div><\/div><\/div><!-- \/.sc_icons -->\t\t\t\t<\/div>\n\t\t\t\t<\/div>\n\t\t\t\t\t<\/div>\n\t\t<\/div>\n\t\t\t\t<div class=\"elementor-column elementor-col-25 elementor-top-column elementor-element elementor-element-b96eccb sc_inner_width_none sc_content_align_inherit sc_layouts_column_icons_position_left sc_fly_static\" data-id=\"b96eccb\" data-element_type=\"column\">\n\t\t\t<div class=\"elementor-widget-wrap elementor-element-populated\">\n\t\t\t\t\t\t<div class=\"elementor-element elementor-element-705bd89 sc_fly_static elementor-widget elementor-widget-trx_sc_icons\" data-id=\"705bd89\" data-element_type=\"widget\" data-widget_type=\"trx_sc_icons.default\">\n\t\t\t\t<div class=\"elementor-widget-container\">\n\t\t\t\t\t<div     class=\"sc_icons sc_icons_light sc_icons_size_medium sc_align_left\" ><div class=\"sc_icons_item sc_icons_item_linked with_more\"><div class=\"sc_icons_icon sc_icon_type_ icon-file-pdf\" style=\"color: #E2241F\" ><span class=\"sc_icon_type_ icon-file-pdf\" style=\"color: #E2241F\"><\/span><\/div><div class=\"sc_icons_item_details\"><h4 class=\"sc_icons_item_title\" style=\"color:#000000;\"><a href=\"https:\/\/www.demsasmetal.com\/wp-content\/uploads\/2025\/12\/50001.pdf\" target=\"_blank\">\n                        ISO 50001                        <\/a><\/h4><a href=\"https:\/\/www.demsasmetal.com\/wp-content\/uploads\/2025\/12\/50001.pdf\" class=\"sc_icons_item_more_link\" target=\"_blank\">\n                <span class=\"link_text\">PDF G\u00f6r\u00fcnt\u00fcle<\/span><span class=\"link_icon\"><\/span>\n                <\/a><a href=\"https:\/\/www.demsasmetal.com\/wp-content\/uploads\/2025\/12\/50001.pdf\"\n                class=\"sc_icons_item_link\" target=\"_blank\">\n                <\/a><\/div><\/div><\/div><!-- \/.sc_icons -->\t\t\t\t<\/div>\n\t\t\t\t<\/div>\n\t\t\t\t\t<\/div>\n\t\t<\/div>\n\t\t\t\t\t<\/div>\n\t\t<\/section>\n\t\t\t\t<section class=\"elementor-section elementor-top-section elementor-element elementor-element-950fda9 elementor-section-boxed elementor-section-height-default elementor-section-height-default sc_fly_static\" data-id=\"950fda9\" data-element_type=\"section\">\n\t\t\t\t\t\t<div class=\"elementor-container elementor-column-gap-extended\">\n\t\t\t\t\t<div class=\"elementor-column elementor-col-25 elementor-top-column elementor-element elementor-element-6d0551b sc_inner_width_none sc_content_align_inherit sc_layouts_column_icons_position_left sc_fly_static\" data-id=\"6d0551b\" data-element_type=\"column\">\n\t\t\t<div class=\"elementor-widget-wrap elementor-element-populated\">\n\t\t\t\t\t\t<div class=\"elementor-element elementor-element-ac4420a sc_fly_static elementor-widget elementor-widget-trx_sc_icons\" data-id=\"ac4420a\" data-element_type=\"widget\" data-widget_type=\"trx_sc_icons.default\">\n\t\t\t\t<div class=\"elementor-widget-container\">\n\t\t\t\t\t<div     class=\"sc_icons sc_icons_light sc_icons_size_medium sc_align_left\" ><div class=\"sc_icons_item sc_icons_item_linked with_more\"><div class=\"sc_icons_icon sc_icon_type_ icon-file-pdf\" style=\"color: #E2241F\" ><span class=\"sc_icon_type_ icon-file-pdf\" style=\"color: #E2241F\"><\/span><\/div><div class=\"sc_icons_item_details\"><h4 class=\"sc_icons_item_title\" style=\"color:#000000;\"><a href=\"https:\/\/www.demsasmetal.com\/wp-content\/uploads\/2025\/12\/TSE-SERTIFIKA-2.pdf\" target=\"_blank\">\n                        TS 4922                        <\/a><\/h4><a href=\"https:\/\/www.demsasmetal.com\/wp-content\/uploads\/2025\/12\/TSE-SERTIFIKA-2.pdf\" class=\"sc_icons_item_more_link\" target=\"_blank\">\n                <span class=\"link_text\">PDF G\u00f6r\u00fcnt\u00fcle<\/span><span class=\"link_icon\"><\/span>\n                <\/a><a href=\"https:\/\/www.demsasmetal.com\/wp-content\/uploads\/2025\/12\/TSE-SERTIFIKA-2.pdf\"\n                class=\"sc_icons_item_link\" target=\"_blank\">\n                <\/a><\/div><\/div><\/div><!-- \/.sc_icons -->\t\t\t\t<\/div>\n\t\t\t\t<\/div>\n\t\t\t\t\t<\/div>\n\t\t<\/div>\n\t\t\t\t<div class=\"elementor-column elementor-col-25 elementor-top-column elementor-element elementor-element-9670e4a sc_inner_width_none sc_content_align_inherit sc_layouts_column_icons_position_left sc_fly_static\" data-id=\"9670e4a\" data-element_type=\"column\">\n\t\t\t<div class=\"elementor-widget-wrap elementor-element-populated\">\n\t\t\t\t\t\t<div class=\"elementor-element elementor-element-9906e94 sc_fly_static elementor-widget elementor-widget-trx_sc_icons\" data-id=\"9906e94\" data-element_type=\"widget\" data-widget_type=\"trx_sc_icons.default\">\n\t\t\t\t<div class=\"elementor-widget-container\">\n\t\t\t\t\t<div     class=\"sc_icons sc_icons_light sc_icons_size_medium sc_align_left\" ><div class=\"sc_icons_item sc_icons_item_linked with_more\"><div class=\"sc_icons_icon sc_icon_type_ icon-file-pdf\" style=\"color: #E2241F\" ><span class=\"sc_icon_type_ icon-file-pdf\" style=\"color: #E2241F\"><\/span><\/div><div class=\"sc_icons_item_details\"><h4 class=\"sc_icons_item_title\" style=\"color:#000000;\"><a href=\"\/wp-content\/uploads\/2023\/06\/Ts-En-755-1.pdf\" target=\"_blank\">\n                        TS EN 755-1                        <\/a><\/h4><a href=\"\/wp-content\/uploads\/2023\/06\/Ts-En-755-1.pdf\" class=\"sc_icons_item_more_link\" target=\"_blank\">\n                <span class=\"link_text\">PDF G\u00f6r\u00fcnt\u00fcle<\/span><span class=\"link_icon\"><\/span>\n                <\/a><a href=\"\/wp-content\/uploads\/2023\/06\/Ts-En-755-1.pdf\"\n                class=\"sc_icons_item_link\" target=\"_blank\">\n                <\/a><\/div><\/div><\/div><!-- \/.sc_icons -->\t\t\t\t<\/div>\n\t\t\t\t<\/div>\n\t\t\t\t\t<\/div>\n\t\t<\/div>\n\t\t\t\t<div class=\"elementor-column elementor-col-25 elementor-top-column elementor-element elementor-element-af2f8f4 sc_inner_width_none sc_content_align_inherit sc_layouts_column_icons_position_left sc_fly_static\" data-id=\"af2f8f4\" data-element_type=\"column\">\n\t\t\t<div class=\"elementor-widget-wrap elementor-element-populated\">\n\t\t\t\t\t\t<div class=\"elementor-element elementor-element-cffcb7f sc_fly_static elementor-widget elementor-widget-trx_sc_icons\" data-id=\"cffcb7f\" data-element_type=\"widget\" data-widget_type=\"trx_sc_icons.default\">\n\t\t\t\t<div class=\"elementor-widget-container\">\n\t\t\t\t\t<div     class=\"sc_icons sc_icons_light sc_icons_size_medium sc_align_left\" ><div class=\"sc_icons_item sc_icons_item_linked with_more\"><div class=\"sc_icons_icon sc_icon_type_ icon-file-pdf\" style=\"color: #E2241F\" ><span class=\"sc_icon_type_ icon-file-pdf\" style=\"color: #E2241F\"><\/span><\/div><div class=\"sc_icons_item_details\"><h4 class=\"sc_icons_item_title\" style=\"color:#000000;\"><a href=\"\/wp-content\/uploads\/2023\/06\/ts-en-12020-1.pdf\" target=\"_blank\">\n                        TS EN 12020-1                        <\/a><\/h4><a href=\"\/wp-content\/uploads\/2023\/06\/ts-en-12020-1.pdf\" class=\"sc_icons_item_more_link\" target=\"_blank\">\n                <span class=\"link_text\">PDF G\u00f6r\u00fcnt\u00fcle<\/span><span class=\"link_icon\"><\/span>\n                <\/a><a href=\"\/wp-content\/uploads\/2023\/06\/ts-en-12020-1.pdf\"\n                class=\"sc_icons_item_link\" target=\"_blank\">\n                <\/a><\/div><\/div><\/div><!-- \/.sc_icons -->\t\t\t\t<\/div>\n\t\t\t\t<\/div>\n\t\t\t\t\t<\/div>\n\t\t<\/div>\n\t\t\t\t<div class=\"elementor-column elementor-col-25 elementor-top-column elementor-element elementor-element-b8dc6bb sc_inner_width_none sc_content_align_inherit sc_layouts_column_icons_position_left sc_fly_static\" data-id=\"b8dc6bb\" data-element_type=\"column\">\n\t\t\t<div class=\"elementor-widget-wrap\">\n\t\t\t\t\t\t\t<\/div>\n\t\t<\/div>\n\t\t\t\t\t<\/div>\n\t\t<\/section>\n\t\t\t\t<\/div>\n\t\t","protected":false},"excerpt":{"rendered":"<p>Quality Certificates As Demsa\u015f Metal, we always renew your certification processes in terms of quality and assurance \u00c7EVRE Y\u00d6NET\u0130M S\u0130STEM\u0130 ISO 14001 View PDF ENVIRONMENTAL MANAGEMENT SYSTEM View PDF EN&hellip;<\/p>\n","protected":false},"author":1,"featured_media":0,"parent":0,"menu_order":0,"comment_status":"closed","ping_status":"closed","template":"","meta":{"footnotes":""},"class_list":["post-25982","page","type-page","status-publish","hentry"],"aioseo_notices":[],"_links":{"self":[{"href":"https:\/\/www.demsasmetal.com\/en\/wp-json\/wp\/v2\/pages\/25982","targetHints":{"allow":["GET"]}}],"collection":[{"href":"https:\/\/www.demsasmetal.com\/en\/wp-json\/wp\/v2\/pages"}],"about":[{"href":"https:\/\/www.demsasmetal.com\/en\/wp-json\/wp\/v2\/types\/page"}],"author":[{"embeddable":true,"href":"https:\/\/www.demsasmetal.com\/en\/wp-json\/wp\/v2\/users\/1"}],"replies":[{"embeddable":true,"href":"https:\/\/www.demsasmetal.com\/en\/wp-json\/wp\/v2\/comments?post=25982"}],"version-history":[{"count":63,"href":"https:\/\/www.demsasmetal.com\/en\/wp-json\/wp\/v2\/pages\/25982\/revisions"}],"predecessor-version":[{"id":30031,"href":"https:\/\/www.demsasmetal.com\/en\/wp-json\/wp\/v2\/pages\/25982\/revisions\/30031"}],"wp:attachment":[{"href":"https:\/\/www.demsasmetal.com\/en\/wp-json\/wp\/v2\/media?parent=25982"}],"curies":[{"name":"wp","href":"https:\/\/api.w.org\/{rel}","templated":true}]}}