{"id":25992,"date":"2023-03-14T21:27:00","date_gmt":"2023-03-14T21:27:00","guid":{"rendered":"http:\/\/www.demsas.tradebursa.com\/uretim-asamalari\/"},"modified":"2023-06-14T09:05:47","modified_gmt":"2023-06-14T09:05:47","slug":"production-process","status":"publish","type":"page","link":"https:\/\/www.demsasmetal.com\/en\/production-process\/","title":{"rendered":"Production Process"},"content":{"rendered":"\t\t<div data-elementor-type=\"wp-page\" data-elementor-id=\"25992\" class=\"elementor elementor-25992\">\n\t\t\t\t\t\t<section class=\"elementor-section elementor-top-section elementor-element elementor-element-bf1b8fb elementor-section-full_width elementor-section-height-default elementor-section-height-default sc_fly_static\" data-id=\"bf1b8fb\" data-element_type=\"section\">\n\t\t\t\t\t\t<div class=\"elementor-container elementor-column-gap-no\">\n\t\t\t\t\t<div class=\"elementor-column elementor-col-100 elementor-top-column elementor-element elementor-element-8e566db sc_inner_width_none sc_content_align_inherit sc_layouts_column_icons_position_left sc_fly_static\" data-id=\"8e566db\" data-element_type=\"column\">\n\t\t\t<div class=\"elementor-widget-wrap elementor-element-populated\">\n\t\t\t\t\t\t<div class=\"elementor-element elementor-element-c9b52f1 sc_height_small sc_fly_static elementor-widget elementor-widget-spacer\" data-id=\"c9b52f1\" data-element_type=\"widget\" data-widget_type=\"spacer.default\">\n\t\t\t\t<div class=\"elementor-widget-container\">\n\t\t\t\t\t\t\t<div class=\"elementor-spacer\">\n\t\t\t<div class=\"elementor-spacer-inner\"><\/div>\n\t\t<\/div>\n\t\t\t\t\t\t<\/div>\n\t\t\t\t<\/div>\n\t\t\t\t<section class=\"elementor-section elementor-inner-section elementor-element elementor-element-383e7b8 elementor-section-boxed elementor-section-height-default elementor-section-height-default sc_fly_static\" data-id=\"383e7b8\" data-element_type=\"section\">\n\t\t\t\t\t\t<div class=\"elementor-container elementor-column-gap-extended\">\n\t\t\t\t\t<div class=\"elementor-column elementor-col-100 elementor-inner-column elementor-element elementor-element-fc8f3c1 sc_inner_width_none sc_content_align_inherit sc_layouts_column_icons_position_left sc_fly_static\" data-id=\"fc8f3c1\" data-element_type=\"column\">\n\t\t\t<div class=\"elementor-widget-wrap elementor-element-populated\">\n\t\t\t\t\t\t<div class=\"elementor-element elementor-element-29ff503 sc_fly_static elementor-widget elementor-widget-trx_sc_services\" data-id=\"29ff503\" data-element_type=\"widget\" data-widget_type=\"trx_sc_services.default\">\n\t\t\t\t<div class=\"elementor-widget-container\">\n\t\t\t\t\t<div class=\"sc_services sc_services_hover sc_services_featured_top\"><div  class=\"sc_services_slider sc_item_slider slider_swiper_outer slider_outer slider_outer_controls slider_outer_controls_outside slider_outer_nopagination slider_outer_nocentered slider_outer_overflow_hidden slider_outer_multi\">\n\t<div  data-slides-per-view-breakpoints=\"{&quot;999999&quot;:3}\" class=\"slider_container swiper-slider-container slider_swiper slider_noresize slider_controls slider_controls_outside slider_nopagination slider_nocentered slider_overflow_hidden slider_multi\" data-slides-per-view=\"3\" data-effect=\"slide\" data-slides-min-width=\"200\" data-pagination=\"bullets\" data-direction=\"horizontal\" data-mouse-wheel=\"0\" data-autoplay=\"1\" data-loop=\"0\" data-free-mode=\"0\" data-slides-centered=\"0\" data-slides-overflow=\"0\">\n\t\t<div class=\"slides slider-wrapper swiper-wrapper sc_item_columns_3\"><div class=\"slider-slide swiper-slide\"><div data-post-id=\"28120\" class=\"sc_services_item sc_item_container post_container tilt_action with_content with_image sc_services_item_featured_none post-28120 cpt_services type-cpt_services status-publish has-post-thumbnail hentry cpt_services_group-production-processes\">\n\t\t<div class=\"sc_services_item_content \" style=\"background-image: url(https:\/\/www.demsasmetal.com\/wp-content\/uploads\/2022\/10\/0Y4A7193-scaled-1.jpg);\">\n\t\t\t\t<div class=\"sc_services_item_content_inner\">\n\t\t\t\t\t\t<h6 class=\"sc_services_item_title\"><a href=\"https:\/\/www.demsasmetal.com\/en\/services\/molding\/\">Molding<\/a><\/h6>\n\t\t\t<div class=\"sc_services_item_subtitle\"><a href=\"https:\/\/www.demsasmetal.com\/en\/services_group\/production-processes\/\" title=\"View all posts in Production Processes\">Production Processes<\/a><\/div><div class=\"sc_services_item_text\"><p>Demsa\u015f Metal believes that molds affect important processes such as surface quality, reduction of waste rates, realization of tolerances and speed in aluminum profile manufacturing. For this reason, our Company&hellip;<\/p>\n<\/div><\/div><a class=\"sc_services_item_link\" href=\"https:\/\/www.demsasmetal.com\/en\/services\/molding\/\"><\/a><\/div><\/div><\/div><div class=\"slider-slide swiper-slide\"><div data-post-id=\"26039\" class=\"sc_services_item sc_item_container post_container tilt_action with_content with_image sc_services_item_featured_none post-26039 cpt_services type-cpt_services status-publish has-post-thumbnail hentry cpt_services_group-uretim-asamalari\">\n\t\t<div class=\"sc_services_item_content \" style=\"background-image: url(https:\/\/www.demsasmetal.com\/wp-content\/uploads\/2022\/10\/ekstrizyon.png);\">\n\t\t\t\t<div class=\"sc_services_item_content_inner\">\n\t\t\t\t\t\t<h6 class=\"sc_services_item_title\"><a href=\"https:\/\/www.demsasmetal.com\/en\/services\/extrusion-press-line\/\">Extrusion Press Line<\/a><\/h6>\n\t\t\t<div class=\"sc_services_item_subtitle\"><a href=\"https:\/\/www.demsasmetal.com\/services_group\/uretim-asamalari\/\" title=\"View all posts in \u00dcretim A\u015famalar\u0131\">\u00dcretim A\u015famalar\u0131<\/a><\/div><div class=\"sc_services_item_text\"><p>Our Company has 3 extrusion press lines of different sizes. In our presses; 127, 152 and 178 mm. sized billets are used. In the production of aluminum alloys, billets from&hellip;<\/p>\n<\/div><\/div><a class=\"sc_services_item_link\" href=\"https:\/\/www.demsasmetal.com\/en\/services\/extrusion-press-line\/\"><\/a><\/div><\/div><\/div><div class=\"slider-slide swiper-slide\"><div data-post-id=\"26041\" class=\"sc_services_item sc_item_container post_container tilt_action with_content with_image sc_services_item_featured_none post-26041 cpt_services type-cpt_services status-publish has-post-thumbnail hentry cpt_services_group-production-processes\">\n\t\t<div class=\"sc_services_item_content \" style=\"background-image: url(https:\/\/www.demsasmetal.com\/wp-content\/uploads\/2023\/06\/DSC03348-scaled.jpg);\">\n\t\t\t\t<div class=\"sc_services_item_content_inner\">\n\t\t\t\t\t\t<h6 class=\"sc_services_item_title\"><a href=\"https:\/\/www.demsasmetal.com\/en\/services\/anodizing-line\/\">Anodizing Line<\/a><\/h6>\n\t\t\t<div class=\"sc_services_item_subtitle\"><a href=\"https:\/\/www.demsasmetal.com\/en\/services_group\/production-processes\/\" title=\"View all posts in Production Processes\">Production Processes<\/a><\/div><div class=\"sc_services_item_text\"><p>It is desired that aluminum profiles produced for architectural purposes not only look aesthetically pleasing, but also keep their appearance and color intact for many years. Although the oxide layer,&hellip;<\/p>\n<\/div><\/div><a class=\"sc_services_item_link\" href=\"https:\/\/www.demsasmetal.com\/en\/services\/anodizing-line\/\"><\/a><\/div><\/div><\/div><div class=\"slider-slide swiper-slide\"><div data-post-id=\"26043\" class=\"sc_services_item sc_item_container post_container tilt_action with_content with_image sc_services_item_featured_none post-26043 cpt_services type-cpt_services status-publish has-post-thumbnail hentry cpt_services_group-production-processes\">\n\t\t<div class=\"sc_services_item_content \" style=\"background-image: url(https:\/\/www.demsasmetal.com\/wp-content\/uploads\/2023\/03\/DSC02791-scaled-1-e1687179153491.jpg);\">\n\t\t\t\t<div class=\"sc_services_item_content_inner\">\n\t\t\t\t\t\t<h6 class=\"sc_services_item_title\"><a href=\"https:\/\/www.demsasmetal.com\/en\/services\/electrostatic-powder-coating-facility\/\">Electrostatic Powder Coating Facility<\/a><\/h6>\n\t\t\t<div class=\"sc_services_item_subtitle\"><a href=\"https:\/\/www.demsasmetal.com\/en\/services_group\/production-processes\/\" title=\"View all posts in Production Processes\">Production Processes<\/a><\/div><div class=\"sc_services_item_text\"><p>In our electrostatic powder coating facility, aluminum profiles are painted in different RAL colors and different gloss shines. Some of the principles that Demsa\u015f Metal follows during the painting process&hellip;<\/p>\n<\/div><\/div><a class=\"sc_services_item_link\" href=\"https:\/\/www.demsasmetal.com\/en\/services\/electrostatic-powder-coating-facility\/\"><\/a><\/div><\/div><\/div><div class=\"slider-slide swiper-slide\"><div data-post-id=\"28009\" class=\"sc_services_item sc_item_container post_container tilt_action with_content with_image sc_services_item_featured_none post-28009 cpt_services type-cpt_services status-publish has-post-thumbnail hentry cpt_services_group-production-processes\">\n\t\t<div class=\"sc_services_item_content \" style=\"background-image: url(https:\/\/www.demsasmetal.com\/wp-content\/uploads\/2022\/10\/ahsap-efektler-1.jpg);\">\n\t\t\t\t<div class=\"sc_services_item_content_inner\">\n\t\t\t\t\t\t<h6 class=\"sc_services_item_title\"><a href=\"https:\/\/www.demsasmetal.com\/en\/services\/wood-transfer-line\/\">Wood Transfer Line<\/a><\/h6>\n\t\t\t<div class=\"sc_services_item_subtitle\"><a href=\"https:\/\/www.demsasmetal.com\/en\/services_group\/production-processes\/\" title=\"View all posts in Production Processes\">Production Processes<\/a><\/div><div class=\"sc_services_item_text\"><p>Based on the sublimation principle, the profile is first coated with a special powder paint of the appropriate color, then the profiles which are \u00a0covered with different transfer paper and&hellip;<\/p>\n<\/div><\/div><a class=\"sc_services_item_link\" href=\"https:\/\/www.demsasmetal.com\/en\/services\/wood-transfer-line\/\"><\/a><\/div><\/div><\/div><div class=\"slider-slide swiper-slide\"><div data-post-id=\"28006\" class=\"sc_services_item sc_item_container post_container tilt_action with_content with_image sc_services_item_featured_none post-28006 cpt_services type-cpt_services status-publish has-post-thumbnail hentry cpt_services_group-production-processes\">\n\t\t<div class=\"sc_services_item_content \" style=\"background-image: url(https:\/\/www.demsasmetal.com\/wp-content\/uploads\/2022\/10\/Isi-Islem-1.jpg);\">\n\t\t\t\t<div class=\"sc_services_item_content_inner\">\n\t\t\t\t\t\t<h6 class=\"sc_services_item_title\"><a href=\"https:\/\/www.demsasmetal.com\/en\/services\/thermal-barrier-line\/\">Thermal Barrier Line<\/a><\/h6>\n\t\t\t<div class=\"sc_services_item_subtitle\"><a href=\"https:\/\/www.demsasmetal.com\/en\/services_group\/production-processes\/\" title=\"View all posts in Production Processes\">Production Processes<\/a><\/div><div class=\"sc_services_item_text\"><p>In product development processes based on Research-Development principles, heat barrier treatment is applied, especially in aluminum facade and window profiles, with the aim of improving the insulation performance at indoor&hellip;<\/p>\n<\/div><\/div><a class=\"sc_services_item_link\" href=\"https:\/\/www.demsasmetal.com\/en\/services\/thermal-barrier-line\/\"><\/a><\/div><\/div><\/div><div class=\"slider-slide swiper-slide\"><div data-post-id=\"26051\" class=\"sc_services_item sc_item_container post_container tilt_action with_content with_image sc_services_item_featured_none post-26051 cpt_services type-cpt_services status-publish has-post-thumbnail hentry cpt_services_group-production-processes\">\n\t\t<div class=\"sc_services_item_content \" style=\"background-image: url(https:\/\/www.demsasmetal.com\/wp-content\/uploads\/2022\/10\/0Y4A6996.jpg);\">\n\t\t\t\t<div class=\"sc_services_item_content_inner\">\n\t\t\t\t\t\t<h6 class=\"sc_services_item_title\"><a href=\"https:\/\/www.demsasmetal.com\/en\/services\/lab\/\">Lab<\/a><\/h6>\n\t\t\t<div class=\"sc_services_item_subtitle\"><a href=\"https:\/\/www.demsasmetal.com\/en\/services_group\/production-processes\/\" title=\"View all posts in Production Processes\">Production Processes<\/a><\/div><div class=\"sc_services_item_text\"><p>Our company considers the product development task based on Research and Development principles among the most basic tasks. Our laboratory operating at the center of these studies both measures the&hellip;<\/p>\n<\/div><\/div><a class=\"sc_services_item_link\" href=\"https:\/\/www.demsasmetal.com\/en\/services\/lab\/\"><\/a><\/div><\/div><\/div><div class=\"slider-slide swiper-slide\"><div data-post-id=\"26045\" class=\"sc_services_item sc_item_container post_container tilt_action with_content with_image sc_services_item_featured_none post-26045 cpt_services type-cpt_services status-publish has-post-thumbnail hentry cpt_services_group-production-processes\">\n\t\t<div class=\"sc_services_item_content \" style=\"background-image: url(https:\/\/www.demsasmetal.com\/wp-content\/uploads\/2022\/10\/DSC02723-scaled.jpg);\">\n\t\t\t\t<div class=\"sc_services_item_content_inner\">\n\t\t\t\t\t\t<h6 class=\"sc_services_item_title\"><a href=\"https:\/\/www.demsasmetal.com\/en\/services\/sandy-effect-line\/\">Sandy Effect Line<\/a><\/h6>\n\t\t\t<div class=\"sc_services_item_subtitle\"><a href=\"https:\/\/www.demsasmetal.com\/en\/services_group\/production-processes\/\" title=\"View all posts in Production Processes\">Production Processes<\/a><\/div><div class=\"sc_services_item_text\"><p>Before the powder coating process, surface sandblasting machine is used in our facility to assist the surface cleaning processes and to obtain different anodized surfaces. Before the powder coating process,&hellip;<\/p>\n<\/div><\/div><a class=\"sc_services_item_link\" href=\"https:\/\/www.demsasmetal.com\/en\/services\/sandy-effect-line\/\"><\/a><\/div><\/div><\/div><div class=\"slider-slide swiper-slide\"><div data-post-id=\"28128\" class=\"sc_services_item sc_item_container post_container tilt_action with_content with_image sc_services_item_featured_none post-28128 cpt_services type-cpt_services status-publish has-post-thumbnail hentry cpt_services_group-production-processes\">\n\t\t<div class=\"sc_services_item_content \" style=\"background-image: url(https:\/\/www.demsasmetal.com\/wp-content\/uploads\/2022\/10\/Mekanik-Islem-Adamli-Olan-Fotograf-Yerine-Gelecek.jpg);\">\n\t\t\t\t<div class=\"sc_services_item_content_inner\">\n\t\t\t\t\t\t<h6 class=\"sc_services_item_title\"><a href=\"https:\/\/www.demsasmetal.com\/en\/services\/mechanical-processing-line\/\">Mechanical Processing Line<\/a><\/h6>\n\t\t\t<div class=\"sc_services_item_subtitle\"><a href=\"https:\/\/www.demsasmetal.com\/en\/services_group\/production-processes\/\" title=\"View all posts in Production Processes\">Production Processes<\/a><\/div><div class=\"sc_services_item_text\"><p>Demsa\u015f Metal, as a &#8220;single point solution partner&#8221;, has adopted the principle of &#8220;not leaving much work to be done&#8221; for its customers. In this context, after the profiles are&hellip;<\/p>\n<\/div><\/div><a class=\"sc_services_item_link\" href=\"https:\/\/www.demsasmetal.com\/en\/services\/mechanical-processing-line\/\"><\/a><\/div><\/div><\/div><div class=\"slider-slide swiper-slide\"><div data-post-id=\"26053\" class=\"sc_services_item sc_item_container post_container tilt_action with_content with_image sc_services_item_featured_none post-26053 cpt_services type-cpt_services status-publish has-post-thumbnail hentry cpt_services_group-production-processes\">\n\t\t<div class=\"sc_services_item_content \" style=\"background-image: url(https:\/\/www.demsasmetal.com\/wp-content\/uploads\/2022\/10\/ambalaj.png);\">\n\t\t\t\t<div class=\"sc_services_item_content_inner\">\n\t\t\t\t\t\t<h6 class=\"sc_services_item_title\"><a href=\"https:\/\/www.demsasmetal.com\/en\/services\/packaging-and-shipment\/\">Packaging And Shipment<\/a><\/h6>\n\t\t\t<div class=\"sc_services_item_subtitle\"><a href=\"https:\/\/www.demsasmetal.com\/en\/services_group\/production-processes\/\" title=\"View all posts in Production Processes\">Production Processes<\/a><\/div><div class=\"sc_services_item_text\"><p>Our Company offers safe, economical and creative packaging and shipping solutions for our products. In unsafe shipping solutions the products are seriously damaged and this leads to economic losses. In&hellip;<\/p>\n<\/div><\/div><a class=\"sc_services_item_link\" href=\"https:\/\/www.demsasmetal.com\/en\/services\/packaging-and-shipment\/\"><\/a><\/div><\/div><\/div><\/div><\/div><div class=\"slider_controls_wrap\"><a class=\"slider_prev swiper-button-prev\" href=\"#\"><\/a><a class=\"slider_next swiper-button-next\" href=\"#\"><\/a><\/div><\/div><\/div>\t\t\t\t<\/div>\n\t\t\t\t<\/div>\n\t\t\t\t\t<\/div>\n\t\t<\/div>\n\t\t\t\t\t<\/div>\n\t\t<\/section>\n\t\t\t\t<div class=\"elementor-element elementor-element-a217b4a sc_height_large sc_fly_static elementor-widget elementor-widget-spacer\" data-id=\"a217b4a\" data-element_type=\"widget\" data-widget_type=\"spacer.default\">\n\t\t\t\t<div class=\"elementor-widget-container\">\n\t\t\t\t\t\t\t<div class=\"elementor-spacer\">\n\t\t\t<div class=\"elementor-spacer-inner\"><\/div>\n\t\t<\/div>\n\t\t\t\t\t\t<\/div>\n\t\t\t\t<\/div>\n\t\t\t\t\t<\/div>\n\t\t<\/div>\n\t\t\t\t\t<\/div>\n\t\t<\/section>\n\t\t\t\t<\/div>\n\t\t","protected":false},"excerpt":{"rendered":"<p>D\u00f6k\u00fcmhane \u00dcretim A\u015famalar\u0131 Demsa\u015f Metal d\u00fcnyan\u0131n en modern d\u00f6k\u00fcm sistemi \u00a0Amerikan &#8216;Wagstaff AirSlip Hot Top Billet Casting System&#8217; ile \u00a08.500 ton\/ay kapasitede \u00e7al\u0131\u015fmaktad\u0131r. Firmam\u0131z, ekstr\u00fczyon firmalar\u0131n\u0131n talebine paralel olarak 90,&hellip;<\/p>\n","protected":false},"author":1,"featured_media":0,"parent":0,"menu_order":0,"comment_status":"closed","ping_status":"closed","template":"","meta":{"footnotes":""},"class_list":["post-25992","page","type-page","status-publish","hentry"],"aioseo_notices":[],"_links":{"self":[{"href":"https:\/\/www.demsasmetal.com\/en\/wp-json\/wp\/v2\/pages\/25992","targetHints":{"allow":["GET"]}}],"collection":[{"href":"https:\/\/www.demsasmetal.com\/en\/wp-json\/wp\/v2\/pages"}],"about":[{"href":"https:\/\/www.demsasmetal.com\/en\/wp-json\/wp\/v2\/types\/page"}],"author":[{"embeddable":true,"href":"https:\/\/www.demsasmetal.com\/en\/wp-json\/wp\/v2\/users\/1"}],"replies":[{"embeddable":true,"href":"https:\/\/www.demsasmetal.com\/en\/wp-json\/wp\/v2\/comments?post=25992"}],"version-history":[{"count":8,"href":"https:\/\/www.demsasmetal.com\/en\/wp-json\/wp\/v2\/pages\/25992\/revisions"}],"predecessor-version":[{"id":28026,"href":"https:\/\/www.demsasmetal.com\/en\/wp-json\/wp\/v2\/pages\/25992\/revisions\/28026"}],"wp:attachment":[{"href":"https:\/\/www.demsasmetal.com\/en\/wp-json\/wp\/v2\/media?parent=25992"}],"curies":[{"name":"wp","href":"https:\/\/api.w.org\/{rel}","templated":true}]}}