{"id":26157,"date":"2021-01-27T08:23:10","date_gmt":"2021-01-27T08:23:10","guid":{"rendered":"http:\/\/www.demsas.tradebursa.com\/k-v-k-k\/"},"modified":"2023-07-12T18:22:05","modified_gmt":"2023-07-12T18:22:05","slug":"k-v-k-k","status":"publish","type":"page","link":"https:\/\/www.demsasmetal.com\/en\/k-v-k-k\/","title":{"rendered":"KVKK"},"content":{"rendered":"\t\t<div data-elementor-type=\"wp-page\" data-elementor-id=\"26157\" class=\"elementor elementor-26157\">\n\t\t\t\t\t\t<section class=\"elementor-section elementor-top-section elementor-element elementor-element-18bc19c elementor-section-boxed elementor-section-height-default elementor-section-height-default sc_fly_static\" data-id=\"18bc19c\" data-element_type=\"section\">\n\t\t\t\t\t\t<div class=\"elementor-container elementor-column-gap-extended\">\n\t\t\t\t\t<div class=\"elementor-column elementor-col-100 elementor-top-column elementor-element elementor-element-e801dfe sc_inner_width_none sc_content_align_inherit sc_layouts_column_icons_position_left sc_fly_static\" data-id=\"e801dfe\" data-element_type=\"column\">\n\t\t\t<div class=\"elementor-widget-wrap elementor-element-populated\">\n\t\t\t\t\t\t<div class=\"elementor-element elementor-element-416d396 sc_fly_static elementor-widget elementor-widget-heading\" data-id=\"416d396\" data-element_type=\"widget\" data-widget_type=\"heading.default\">\n\t\t\t\t<div class=\"elementor-widget-container\">\n\t\t\t\t\t<h2 class=\"elementor-heading-title elementor-size-default\">K.V.K.K<\/h2>\t\t\t\t<\/div>\n\t\t\t\t<\/div>\n\t\t\t\t\t<\/div>\n\t\t<\/div>\n\t\t\t\t\t<\/div>\n\t\t<\/section>\n\t\t\t\t<section class=\"elementor-section elementor-top-section elementor-element elementor-element-2b1184b0 elementor-section-boxed elementor-section-height-default elementor-section-height-default sc_fly_static\" data-id=\"2b1184b0\" data-element_type=\"section\" data-settings=\"{&quot;background_background&quot;:&quot;classic&quot;}\">\n\t\t\t\t\t\t<div class=\"elementor-container elementor-column-gap-extended\">\n\t\t\t\t\t<div class=\"elementor-column elementor-col-100 elementor-top-column elementor-element elementor-element-153e1c19 sc_inner_width_none sc_content_align_inherit sc_layouts_column_icons_position_left sc_fly_static\" data-id=\"153e1c19\" data-element_type=\"column\">\n\t\t\t<div class=\"elementor-widget-wrap elementor-element-populated\">\n\t\t\t\t\t\t<div class=\"elementor-element elementor-element-54db29de sc_fly_static elementor-widget elementor-widget-text-editor\" data-id=\"54db29de\" data-element_type=\"widget\" data-widget_type=\"text-editor.default\">\n\t\t\t\t<div class=\"elementor-widget-container\">\n\t\t\t\t\t\t\t\t\t<ol><li><strong>Genel Olarak<\/strong><\/li><\/ol><p><a href=\"http:\/\/www.demsasmetal.com\">http:\/\/www.demsasmetal.com<\/a>(\u201cWeb Sitesi\u201d) ziyaret\u00e7ilerine daha iyi hizmet sunabilmek i\u00e7in di\u011fer bir\u00e7ok internet sitesi gibi Demsa\u015f Metal Sanayi ve Ticaret A.\u015e. (\u201cDEMSA\u015e\u201d) olarak \u00e7erezler kullanmaktad\u0131r.<\/p><p>\u00a0<\/p><p>Kullan\u0131c\u0131lar\u0131n ilgi alanlar\u0131n\u0131 ve web sayfalar\u0131m\u0131z\u0131n en pop\u00fcler b\u00f6l\u00fcmlerini tespit etmek ve bu bilgilerle web sayfalar\u0131n\u0131n tasar\u0131m\u0131n\u0131 iyile\u015ftirmek ve kullan\u0131c\u0131 dostu bir hale getirmek i\u00e7in \u00e7erez ve benzeri yaz\u0131l\u0131m ara\u00e7lar\u0131n\u0131 kullanmaktay\u0131z.<\/p><p><br \/>\u00c7erezler vas\u0131tas\u0131yla elde edilen ki\u015fisel verileriniz \u201cveri sorumlusu\u201d s\u0131fat\u0131yla DEMSA\u015e taraf\u0131ndan Ki\u015fisel Verilerin Korunmas\u0131 Kanunu\u2019nun 5. maddesinde belirtilen me\u015fru menfaatin ger\u00e7ekle\u015ftirilmesi i\u00e7in veri i\u015flenmesinin zorunlu olmas\u0131 ki\u015fisel veri i\u015fleme \u015fartlar\u0131na dayal\u0131 olarak i\u015flenebilmektedir.<\/p><p>\u00a0<\/p><p>\u0130\u015fbu \u00c7erez Politikas\u0131na (\u201cPolitika\u201d) onay vererek bu Politika ile uyumlu \u015fekilde \u00e7erezlerin kullan\u0131lmas\u0131na onay vermi\u015f olursunuz. E\u011fer \u00e7erezlerin kullan\u0131lma \u015feklini de\u011fi\u015ftirmek istiyorsan\u0131z, taray\u0131c\u0131n\u0131z\u0131n ayarlar\u0131n\u0131 de\u011fi\u015ftirmeli veya bu internet sitesini kullanmamal\u0131s\u0131n\u0131z.<\/p><p>\u00a0<\/p><p>Bu Politika, Web Sitesi\u2019ne hangi teknoloji veya y\u00f6ntem ile ba\u011flan\u0131ld\u0131\u011f\u0131na bak\u0131lmaks\u0131z\u0131n t\u00fcm eri\u015fimlerde uygulanmaktad\u0131r. Politikam\u0131z hakk\u0131nda bilgi Web Sitesi\u2019ne ilk defa giri\u015f yap\u0131ld\u0131\u011f\u0131nda pop-up ekran\u0131 ile kullan\u0131c\u0131lara sa\u011flanmaktad\u0131r.<\/p><p>\u00a0<\/p><ol start=\"2\"><li><strong>\u00c7erez Uygulamalar\u0131 Nelerdir?<\/strong><\/li><\/ol><p>\u00c7erezler ziyaret etti\u011finiz web sitesi taraf\u0131ndan taray\u0131c\u0131n\u0131za g\u00f6nderilen k\u00fc\u00e7\u00fck veri \u00f6\u011feleridir. \u00c7erezler, web sitesinin ziyaretinizle ilgili bilgileri hat\u0131rlamas\u0131n\u0131 sa\u011flamaktad\u0131r. \u00c7erezler siteyi daha kullan\u0131\u015fl\u0131 hale getirdikleri ve web kullan\u0131m\u0131n\u0131 kolayla\u015ft\u0131rd\u0131klar\u0131 i\u00e7in gerekli ve \u00f6nemlidir.<\/p><p><strong>\u00a0<\/strong><\/p><ol start=\"3\"><li><strong>\u00c7erezleri Ne Ama\u00e7la Kullan\u0131r\u0131z?<\/strong><\/li><\/ol><p>\u00c7erezlerin kullan\u0131lma ama\u00e7lar\u0131ndan biri, Web Sitesi\u2019nin etkin kullan\u0131m\u0131n\u0131n sa\u011flanmas\u0131nda teknik verilere ihtiya\u00e7 duyulmas\u0131d\u0131r. \u00c7erezler, Web Sitesi\u2019nin nas\u0131l kullan\u0131ld\u0131\u011f\u0131na dair istatistiksel olarak veri toplayabilmek amac\u0131yla ve Web Sitesi\u2019nin i\u00e7eri\u011fini geli\u015ftirebilmek ve i\u015fleyi\u015fi daha iyiye ta\u015f\u0131yabilmek amac\u0131yla da kullan\u0131lmaktad\u0131r. Ayr\u0131ca, Web Sitesi\u2019nde \u00e7erezlerin kullan\u0131m\u0131 sayesinde kullan\u0131c\u0131lara kolayl\u0131k sa\u011flanmakta ve bu \u00e7erezler kullan\u0131c\u0131lar\u0131n kullan\u0131m\u0131n\u0131 ki\u015fiselle\u015ftirmeye yaramaktad\u0131r.<\/p><p>\u00a0<\/p><ol start=\"4\"><li><strong>\u00c7erezlerin fonksiyonlar\u0131 ve kullan\u0131m\u0131:<\/strong><\/li><\/ol><p>\u00a0\u00a0 \u00a0\u00a0\u00a0 a.\u00c7erezler ziyaret etti\u011finiz bir web sayfas\u0131ndan masa \u00fcst\u00fc veya diz\u00fcst\u00fc bilgisayar\u0131n\u0131za veya mobil cihaz\u0131n\u0131za kaydedilen k\u00fc\u00e7\u00fck dosyalard\u0131r. Bu sayede, cihaz ve web sayfalar\u0131m\u0131z aras\u0131nda \u00f6nceden ba\u011flant\u0131 kurulup kurulmad\u0131\u011f\u0131n\u0131 veya hangi dili ya da ayar\u0131 tercih etti\u011finizi tespit edebiliriz. \u00c7erezler, ayn\u0131 zaman da ki\u015fisel bilgiler de i\u00e7erebilmektedir.<br \/>b.Web sayfalar\u0131m\u0131z\u0131 kulland\u0131\u011f\u0131n\u0131zda, \u00e7erezlerin kullan\u0131lmas\u0131n\u0131 da kabul etmi\u015f say\u0131l\u0131rs\u0131n\u0131z. Ancak Web sayfalar\u0131m\u0131z\u0131 \u00e7erezlerin kullan\u0131lmas\u0131n\u0131 kabul etmeden de kullanabilirsiniz. Yani, cihaz\u0131n\u0131zda ilgili ayar\u0131 yaparak \u00e7erezlerin kullan\u0131lmas\u0131n\u0131 reddedebilir ve \u00e7erezleri istedi\u011finiz zaman silebilirsiniz.<\/p><p>\u00a0\u00a0\u00a0\u00a0\u00a0\u00a0 c.\u00c7erezlerin kullan\u0131lmas\u0131n\u0131 reddetti\u011finiz takdirde web sayfalar\u0131m\u0131z\u0131n baz\u0131 \u00f6zellikleri kullan\u0131lamayabilir veya fonksiyonlar\u0131n k\u0131s\u0131tlanabilece\u011fini belirtiriz.<\/p><p>\u00a0<\/p><ol start=\"5\"><li><strong>Ne T\u00fcr \u00c7erezler Kullan\u0131yoruz?<\/strong><\/li><\/ol><p>Web Sitesi\u2019nde farkl\u0131 t\u00fcrlerde \u00e7erezler kullan\u0131lmaktad\u0131r. Bunlar oturum \u00e7erezleri ve kal\u0131c\u0131 \u00e7erezlerdir. Oturum \u00e7erezleri ge\u00e7ici \u00e7erezlerdir, taray\u0131c\u0131n\u0131z\u0131 kapatt\u0131\u011f\u0131n\u0131zda silinirler ve kullan\u0131c\u0131 Web Sitesi\u2019nden ayr\u0131lana dek tutulurlar. Oturum \u00e7erezleri, sitemizin ve sizin ziyaretinizde g\u00fcvenli\u011fi, s\u00fcreklili\u011fini sa\u011flamak gibi ama\u00e7larla kullan\u0131l\u0131rlar. Kal\u0131c\u0131 \u00e7erezler ise daha \u00f6nceden belirlenen s\u00fcreye tabi olarak veya kullan\u0131c\u0131 taraf\u0131ndan silinene kadar saklanan \u00e7erezlerdir. Bu tip \u00e7erezler, kullan\u0131c\u0131lar\u0131 birbirinden ay\u0131rt etmek ve kullan\u0131c\u0131 tercihlerine g\u00f6re d\u00fczenleme yapmak \u00fczere kullan\u0131lmaktad\u0131r.<\/p><p>\u00a0<\/p><p><a href=\"http:\/\/www.demsasmetal.com\">http:\/\/www.demsasmetal.com<\/a> sitesinde kullan\u0131lan \u00e7erezler:<\/p><p><strong>\u00a0<\/strong><\/p><ol start=\"6\"><li><strong>Oturum Bazl\u0131 \u00c7erezler<\/strong><\/li><\/ol><p>Bu \u00e7erezler Web Sitemizi kullan\u0131rken ald\u0131\u011f\u0131n\u0131z hizmeti sa\u011flayabilmek ve \u00f6zelliklerinin do\u011fru \u015fekilde \u00e7al\u0131\u015fmas\u0131 i\u00e7in gereklidir.<\/p><p>\u00a0<\/p><table width=\"633\"><tbody><tr><td width=\"163\"><p><u>\u0130sim<\/u><\/p><\/td><td width=\"149\"><p><u>Tan\u0131m<\/u><\/p><\/td><td width=\"83\"><p><u>\u00a0<\/u><\/p><\/td><td width=\"238\"><p><u>S\u00fcre<\/u><\/p><\/td><\/tr><tr><td width=\"163\"><p><u>\u00a0<\/u><\/p><\/td><td width=\"149\"><p><u>\u00a0<\/u><\/p><\/td><td width=\"83\"><p><u>\u00a0<\/u><\/p><\/td><td width=\"238\"><p><u>\u00a0<\/u><\/p><\/td><\/tr><tr><td width=\"163\"><p>Session Cookie<\/p><\/td><td width=\"149\"><p>Bir kullan\u0131c\u0131n\u0131n oturumunu a\u00e7\u0131k tutmak i\u00e7in kullan\u0131l\u0131r<\/p><\/td><td width=\"83\"><p>\u00a0<\/p><\/td><td width=\"238\"><p>Siteden ayr\u0131l\u0131ncaya kadar<\/p><\/td><\/tr><\/tbody><\/table><p>\u00a0<\/p><ol start=\"7\"><li><strong>Performans ve Analiz \u00c7erezleri<\/strong><\/li><\/ol><p>\u015eirket, Web Sitesi\u2019ni ziyaret eden kullan\u0131c\u0131lar\u0131 hesaplamak i\u00e7in web sitesi analiz hizmeti olarak Google Analytics (_ga, _gid, _gat) \u00e7erezlerini kullanmaktad\u0131r. Bu \u00e7erezler, Web Sitesi\u2019nin kullan\u0131m\u0131 ve performans\u0131 hakk\u0131nda daha fazla bilgi edinmemize, istatistikler olu\u015fturmam\u0131za ve sitemizin \u00e7e\u015fitli unsurlar\u0131n\u0131 kullanmam\u0131za izin vermektedir. Bu, dikkat \u00e7eken hizmetlerimizin belirlenmesini (en s\u0131k ba\u015fvurulan sayfalar veya \u00fcr\u00fcnler, en \u00e7ok ilgi \u00e7eken \u00fcr\u00fcn ve hizmetler, vb.) ve buna g\u00f6re Web Sitesi\u2019ni geli\u015ftirmemizi sa\u011flar.<\/p><p>\u00a0<\/p><table width=\"539\"><tbody><tr><td><p><u>\u0130sim<\/u><\/p><\/td><td width=\"430\"><p><u>Kullan\u0131lmas\u0131ndaki ama\u00e7<\/u><\/p><\/td><td width=\"57\"><p><u>S\u00fcre<\/u><\/p><\/td><\/tr><tr><td><p>_ga<\/p><\/td><td width=\"430\"><p>Kullan\u0131c\u0131lar\u0131 ay\u0131rt etmek, \u00f6nceki ziyaret say\u0131s\u0131n\u0131 ve zaman\u0131n\u0131 hat\u0131rlamak, bir kullan\u0131c\u0131n\u0131n Web Sitesi\u2019nde ne kadar s\u00fcreyle kald\u0131\u011f\u0131n\u0131 tespit etmek ve kullan\u0131c\u0131n\u0131n hangi siteden geldi\u011fini (\u00f6rne\u011fin bir arama motoru, ba\u015fka bir site veya do\u011frudan taray\u0131c\u0131ya bir adres girerek) hat\u0131rlamak i\u00e7in<\/p><\/td><td width=\"57\"><p>2 y\u0131l<\/p><\/td><\/tr><tr><td><p>_gid<\/p><\/td><td width=\"430\"><p>Kullan\u0131c\u0131lar\u0131 ay\u0131rt etmek i\u00e7in<\/p><\/td><td width=\"57\"><p>24 saat<\/p><\/td><\/tr><tr><td><p>_gat<\/p><\/td><td width=\"430\"><p>Web Sitesinin yo\u011fun ziyaret edildi\u011fi zamanlarda kullan\u0131c\u0131n\u0131n talep oran\u0131n\u0131n tespiti, \u00fcr\u00fcnlere ilgisinin tespiti i\u00e7in<\/p><\/td><td width=\"57\"><p>1 dakika<\/p><\/td><\/tr><\/tbody><\/table><p>\u00a0<\/p><ol start=\"8\"><li><strong>\u00c7erezleri Nas\u0131l Kontrol Edebilirsiniz veya Silebilirsiniz?<\/strong><\/li><\/ol><p>Bir\u00e7ok internet taray\u0131c\u0131s\u0131 \u00e7erezleri otomatik olarak kabul etmektedir. Kullan\u0131c\u0131 taraf\u0131ndan bu ayarlar\u0131n de\u011fi\u015ftirilmesi, \u00e7erezlerin engellenmesi veya \u00e7erez g\u00f6nderildi\u011finde uyar\u0131 verecek \u015fekilde ayarlar\u0131n de\u011fi\u015ftirilmesi m\u00fcmk\u00fcnd\u00fcr. Ancak, kullan\u0131c\u0131 taraf\u0131ndan \u00e7erez kullan\u0131m\u0131n\u0131n engellenmesi halinde Web Sitesi\u2019nin t\u00fcm \u00f6zelliklerinden faydalanamayabilirsiniz. \u00c7erezlerin silinmesi veya engellenmesi konular\u0131na ili\u015fkin olarak daha detayl\u0131 bilgi i\u00e7in taray\u0131c\u0131n\u0131z\u0131n yard\u0131m men\u00fcs\u00fcne ba\u015fvurabilirsiniz.<\/p><p>\u00a0<\/p><p>E\u011fer Web Sitesi\u2019ne farkl\u0131 cihazlarla (mobil, tablet, bilgisayar vb.) eri\u015fiyorsan\u0131z, t\u00fcm cihazlar i\u00e7in ayr\u0131ca \u00e7erez se\u00e7eneklerini ayarlaman\u0131z gerekmektedir.<\/p><p>\u00a0<\/p><ol start=\"9\"><li><a href=\"https:\/\/www.mercedes-benz.com.tr\/passengercars\/content-pool\/tool-pages\/legal\/privacy-statement.html\"><strong>Veri korumas\u0131<\/strong><\/a><\/li><\/ol><p>Ki\u015fisel verisi i\u015flenen ger\u00e7ek ki\u015filerin KVKK\u2019n\u0131n 11. maddesi uyar\u0131ca sahip oldu\u011fu haklar a\u015fa\u011f\u0131daki gibidir:<\/p><ul><li><br \/>Ki\u015fisel veri i\u015flenip i\u015flenmedi\u011fini \u00f6\u011frenme,<\/li><li>Ki\u015fisel verileri i\u015flenmi\u015fse buna ili\u015fkin bilgi talep etme,<\/li><li>Ki\u015fisel verilerin i\u015flenme amac\u0131n\u0131 ve bunlar\u0131n amac\u0131na uygun kullan\u0131l\u0131p kullan\u0131lmad\u0131\u011f\u0131n\u0131 \u00f6\u011frenme,<\/li><li>Yurt i\u00e7inde veya yurt d\u0131\u015f\u0131nda ki\u015fisel verilerin aktar\u0131ld\u0131\u011f\u0131 \u00fc\u00e7\u00fcnc\u00fc ki\u015fileri bilme,<\/li><li>Ki\u015fisel verilerin eksik veya yanl\u0131\u015f i\u015flenmi\u015f olmas\u0131 h\u00e2linde bunlar\u0131n d\u00fczeltilmesini isteme ve bu kapsamda yap\u0131lan i\u015flemin ki\u015fisel verilerin aktar\u0131ld\u0131\u011f\u0131 \u00fc\u00e7\u00fcnc\u00fc ki\u015filere bildirilmesini isteme,<\/li><li>KVKK ve ilgili di\u011fer kanun h\u00fck\u00fcmlerine uygun olarak i\u015flenmi\u015f olmas\u0131na ra\u011fmen, i\u015flenmesini gerektiren sebeplerin ortadan kalkmas\u0131 h\u00e2linde ki\u015fisel verilerin silinmesini veya yok edilmesini isteme ve bu kapsamda yap\u0131lan i\u015flemin ki\u015fisel verilerin aktar\u0131ld\u0131\u011f\u0131 \u00fc\u00e7\u00fcnc\u00fc ki\u015filere bildirilmesini isteme,<\/li><li>\u0130\u015flenen verilerin m\u00fcnhas\u0131ran otomatik sistemler vas\u0131tas\u0131yla analiz edilmesi suretiyle ki\u015finin kendisi aleyhine bir sonucun ortaya \u00e7\u0131kmas\u0131na itiraz etme,<\/li><li>Ki\u015fisel verilerin kanuna ayk\u0131r\u0131 olarak i\u015flenmesi sebebiyle zarara u\u011framas\u0131 h\u00e2linde zarar\u0131n giderilmesini talep etme.<\/li><\/ul><p>Haklar\u0131n\u0131z\u0131 nas\u0131l kullanabilece\u011finize ili\u015fkin detayl\u0131 a\u00e7\u0131klamalar i\u00e7in <a href=\"http:\/\/www.kvkk.gov.tr\">www.kvkk.gov.tr<\/a> adresinden \u00f6\u011frenebilirsiniz.<\/p>\t\t\t\t\t\t\t\t<\/div>\n\t\t\t\t<\/div>\n\t\t\t\t\t<\/div>\n\t\t<\/div>\n\t\t\t\t\t<\/div>\n\t\t<\/section>\n\t\t\t\t<\/div>\n\t\t","protected":false},"excerpt":{"rendered":"<p>K.V.K.K Genel Olarak http:\/\/www.demsasmetal.com(\u201cWeb Sitesi\u201d) ziyaret\u00e7ilerine daha iyi hizmet sunabilmek i\u00e7in di\u011fer bir\u00e7ok internet sitesi gibi Demsa\u015f Metal Sanayi ve Ticaret A.\u015e. (\u201cDEMSA\u015e\u201d) olarak \u00e7erezler kullanmaktad\u0131r. \u00a0 Kullan\u0131c\u0131lar\u0131n ilgi alanlar\u0131n\u0131&hellip;<\/p>\n","protected":false},"author":1,"featured_media":0,"parent":0,"menu_order":0,"comment_status":"closed","ping_status":"closed","template":"","meta":{"footnotes":""},"class_list":["post-26157","page","type-page","status-publish","hentry"],"aioseo_notices":[],"_links":{"self":[{"href":"https:\/\/www.demsasmetal.com\/en\/wp-json\/wp\/v2\/pages\/26157","targetHints":{"allow":["GET"]}}],"collection":[{"href":"https:\/\/www.demsasmetal.com\/en\/wp-json\/wp\/v2\/pages"}],"about":[{"href":"https:\/\/www.demsasmetal.com\/en\/wp-json\/wp\/v2\/types\/page"}],"author":[{"embeddable":true,"href":"https:\/\/www.demsasmetal.com\/en\/wp-json\/wp\/v2\/users\/1"}],"replies":[{"embeddable":true,"href":"https:\/\/www.demsasmetal.com\/en\/wp-json\/wp\/v2\/comments?post=26157"}],"version-history":[{"count":24,"href":"https:\/\/www.demsasmetal.com\/en\/wp-json\/wp\/v2\/pages\/26157\/revisions"}],"predecessor-version":[{"id":29449,"href":"https:\/\/www.demsasmetal.com\/en\/wp-json\/wp\/v2\/pages\/26157\/revisions\/29449"}],"wp:attachment":[{"href":"https:\/\/www.demsasmetal.com\/en\/wp-json\/wp\/v2\/media?parent=26157"}],"curies":[{"name":"wp","href":"https:\/\/api.w.org\/{rel}","templated":true}]}}