{"id":28212,"date":"2023-06-12T08:48:39","date_gmt":"2023-06-12T08:48:39","guid":{"rendered":"http:\/\/www.demsas.tradebursa.com\/kurucudan-mesaj\/"},"modified":"2023-07-03T10:43:26","modified_gmt":"2023-07-03T10:43:26","slug":"presidents-message","status":"publish","type":"page","link":"https:\/\/www.demsasmetal.com\/en\/presidents-message\/","title":{"rendered":"President&#8217;s Message"},"content":{"rendered":"\t\t<div data-elementor-type=\"wp-page\" data-elementor-id=\"28212\" class=\"elementor elementor-28212\">\n\t\t\t\t\t\t<section class=\"elementor-section elementor-top-section elementor-element elementor-element-9767e4f elementor-section-boxed elementor-section-height-default elementor-section-height-default sc_fly_static\" data-id=\"9767e4f\" data-element_type=\"section\">\n\t\t\t\t\t\t<div class=\"elementor-container elementor-column-gap-extended\">\n\t\t\t\t\t<div class=\"elementor-column elementor-col-100 elementor-top-column elementor-element elementor-element-2513f25 sc_inner_width_none sc_content_align_inherit sc_layouts_column_icons_position_left sc_fly_static\" data-id=\"2513f25\" data-element_type=\"column\">\n\t\t\t<div class=\"elementor-widget-wrap elementor-element-populated\">\n\t\t\t\t\t\t<div class=\"elementor-element elementor-element-86dfc7e sc_fly_static elementor-widget elementor-widget-heading\" data-id=\"86dfc7e\" data-element_type=\"widget\" data-widget_type=\"heading.default\">\n\t\t\t\t<div class=\"elementor-widget-container\">\n\t\t\t\t\t<h2 class=\"elementor-heading-title elementor-size-default\">President's Message<\/h2>\t\t\t\t<\/div>\n\t\t\t\t<\/div>\n\t\t\t\t<div class=\"elementor-element elementor-element-3da844e sc_fly_static elementor-widget elementor-widget-spacer\" data-id=\"3da844e\" data-element_type=\"widget\" data-widget_type=\"spacer.default\">\n\t\t\t\t<div class=\"elementor-widget-container\">\n\t\t\t\t\t\t\t<div class=\"elementor-spacer\">\n\t\t\t<div class=\"elementor-spacer-inner\"><\/div>\n\t\t<\/div>\n\t\t\t\t\t\t<\/div>\n\t\t\t\t<\/div>\n\t\t\t\t\t<\/div>\n\t\t<\/div>\n\t\t\t\t\t<\/div>\n\t\t<\/section>\n\t\t\t\t<section class=\"elementor-section elementor-top-section elementor-element elementor-element-7c4feb3 elementor-section-boxed elementor-section-height-default elementor-section-height-default sc_fly_static\" data-id=\"7c4feb3\" data-element_type=\"section\">\n\t\t\t\t\t\t<div class=\"elementor-container elementor-column-gap-extended\">\n\t\t\t\t\t<div class=\"elementor-column elementor-col-100 elementor-top-column elementor-element elementor-element-34155dd sc_inner_width_none sc_content_align_inherit sc_layouts_column_icons_position_left sc_fly_static\" data-id=\"34155dd\" data-element_type=\"column\">\n\t\t\t<div class=\"elementor-widget-wrap\">\n\t\t\t\t\t\t\t<\/div>\n\t\t<\/div>\n\t\t\t\t\t<\/div>\n\t\t<\/section>\n\t\t\t\t<section class=\"elementor-section elementor-top-section elementor-element elementor-element-bf1b8fb elementor-section-full_width elementor-section-height-default elementor-section-height-default sc_fly_static\" data-id=\"bf1b8fb\" data-element_type=\"section\">\n\t\t\t\t\t\t<div class=\"elementor-container elementor-column-gap-no\">\n\t\t\t\t\t<div class=\"elementor-column elementor-col-100 elementor-top-column elementor-element elementor-element-8e566db sc_inner_width_none sc_content_align_inherit sc_layouts_column_icons_position_left sc_fly_static\" data-id=\"8e566db\" data-element_type=\"column\">\n\t\t\t<div class=\"elementor-widget-wrap elementor-element-populated\">\n\t\t\t\t\t\t<section class=\"elementor-section elementor-inner-section elementor-element elementor-element-951c814 elementor-section-content-top elementor-section-boxed elementor-section-height-default elementor-section-height-default sc_fly_static\" data-id=\"951c814\" data-element_type=\"section\">\n\t\t\t\t\t\t<div class=\"elementor-container elementor-column-gap-extended\">\n\t\t\t\t\t<div class=\"elementor-column elementor-col-33 elementor-inner-column elementor-element elementor-element-06823ef sc_inner_width_none sc_content_align_inherit sc_layouts_column_icons_position_left sc_fly_static\" data-id=\"06823ef\" data-element_type=\"column\">\n\t\t\t<div class=\"elementor-widget-wrap elementor-element-populated\">\n\t\t\t\t\t\t<div class=\"elementor-element elementor-element-1eea06c elementor-position-top sc_fly_static elementor-widget elementor-widget-image-box\" data-id=\"1eea06c\" data-element_type=\"widget\" data-widget_type=\"image-box.default\">\n\t\t\t\t<div class=\"elementor-widget-container\">\n\t\t\t\t\t<div class=\"elementor-image-box-wrapper\"><figure class=\"elementor-image-box-img\"><img fetchpriority=\"high\" decoding=\"async\" width=\"1920\" height=\"1920\" src=\"https:\/\/www.demsasmetal.com\/wp-content\/uploads\/2023\/06\/kurucu.jpg\" class=\"attachment-full size-full wp-image-28188\" alt=\"\" srcset=\"https:\/\/www.demsasmetal.com\/wp-content\/uploads\/2023\/06\/kurucu.jpg 1920w, https:\/\/www.demsasmetal.com\/wp-content\/uploads\/2023\/06\/kurucu-300x300.jpg 300w, https:\/\/www.demsasmetal.com\/wp-content\/uploads\/2023\/06\/kurucu-1024x1024.jpg 1024w, https:\/\/www.demsasmetal.com\/wp-content\/uploads\/2023\/06\/kurucu-150x150.jpg 150w, https:\/\/www.demsasmetal.com\/wp-content\/uploads\/2023\/06\/kurucu-768x768.jpg 768w, https:\/\/www.demsasmetal.com\/wp-content\/uploads\/2023\/06\/kurucu-1536x1536.jpg 1536w, https:\/\/www.demsasmetal.com\/wp-content\/uploads\/2023\/06\/kurucu-370x370.jpg 370w, https:\/\/www.demsasmetal.com\/wp-content\/uploads\/2023\/06\/kurucu-120x120.jpg 120w, https:\/\/www.demsasmetal.com\/wp-content\/uploads\/2023\/06\/kurucu-840x840.jpg 840w, https:\/\/www.demsasmetal.com\/wp-content\/uploads\/2023\/06\/kurucu-410x410.jpg 410w, https:\/\/www.demsasmetal.com\/wp-content\/uploads\/2023\/06\/kurucu-630x630.jpg 630w, https:\/\/www.demsasmetal.com\/wp-content\/uploads\/2023\/06\/kurucu-600x600.jpg 600w\" sizes=\"(max-width: 1920px) 100vw, 1920px\" \/><\/figure><div class=\"elementor-image-box-content\"><h3 class=\"elementor-image-box-title\">Mehmet \u00c7OKYA\u015eAR<\/h3><p class=\"elementor-image-box-description\">Chairman of the Board<\/p><\/div><\/div>\t\t\t\t<\/div>\n\t\t\t\t<\/div>\n\t\t\t\t\t<\/div>\n\t\t<\/div>\n\t\t\t\t<div class=\"elementor-column elementor-col-33 elementor-inner-column elementor-element elementor-element-be3705e sc_inner_width_none sc_content_align_inherit sc_layouts_column_icons_position_left sc_fly_static\" data-id=\"be3705e\" data-element_type=\"column\">\n\t\t\t<div class=\"elementor-widget-wrap\">\n\t\t\t\t\t\t\t<\/div>\n\t\t<\/div>\n\t\t\t\t<div class=\"elementor-column elementor-col-33 elementor-inner-column elementor-element elementor-element-5d377ee sc_inner_width_none sc_content_align_inherit sc_layouts_column_icons_position_left sc_fly_static\" data-id=\"5d377ee\" data-element_type=\"column\">\n\t\t\t<div class=\"elementor-widget-wrap elementor-element-populated\">\n\t\t\t\t\t\t<div class=\"elementor-element elementor-element-042ff23 sc_fly_static elementor-widget elementor-widget-text-editor\" data-id=\"042ff23\" data-element_type=\"widget\" data-widget_type=\"text-editor.default\">\n\t\t\t\t<div class=\"elementor-widget-container\">\n\t\t\t\t\t\t\t\t\t<p>Our Dear Customers, Business Partners and Employees;<\/p><p>As Demsa\u015f Metal family, we have been contributing both to the economy of our country and abroad with our exports to more than 30 countries. Our working principle has always been to work hard, produce and\u00a0 not give up on trueness and honesty for a moment no matter what the conditions are.With the trust we have in the values, power and future of our country, we continue our investments in line with our goal of being one of the best trusted in the sector. Our sensitive attitude closely follows the technology and protects the environment since the day we were founded.<\/p><p>As one of the rare fully integrated aluminum facilities in its sector, we meet the needs of all our customers in the fastest way, without compromising our quality, by adopting the \u201csingle point solution partner\u201d awareness as a principle. We always embrace change and development, and we are aware that success is not limited to production only. In this context, we are working hard to offer anoptimistic future to our young generation by adopting digital transformation.<\/p><p>We would like to express our special thanks to; our employees who work with great care and devotion on this path with their heart into their work by revealing their experience, our customers who always take us one step higherand all our business partners.<\/p><p>Kind Regards.<\/p>\t\t\t\t\t\t\t\t<\/div>\n\t\t\t\t<\/div>\n\t\t\t\t\t<\/div>\n\t\t<\/div>\n\t\t\t\t\t<\/div>\n\t\t<\/section>\n\t\t\t\t\t<\/div>\n\t\t<\/div>\n\t\t\t\t\t<\/div>\n\t\t<\/section>\n\t\t\t\t<\/div>\n\t\t","protected":false},"excerpt":{"rendered":"<p>President&#8217;s Message Mehmet \u00c7OKYA\u015eAR Chairman of the Board Our Dear Customers, Business Partners and Employees; As Demsa\u015f Metal family, we have been contributing both to the economy of our country&hellip;<\/p>\n","protected":false},"author":1,"featured_media":0,"parent":0,"menu_order":0,"comment_status":"closed","ping_status":"closed","template":"","meta":{"footnotes":""},"class_list":["post-28212","page","type-page","status-publish","hentry"],"aioseo_notices":[],"_links":{"self":[{"href":"https:\/\/www.demsasmetal.com\/en\/wp-json\/wp\/v2\/pages\/28212","targetHints":{"allow":["GET"]}}],"collection":[{"href":"https:\/\/www.demsasmetal.com\/en\/wp-json\/wp\/v2\/pages"}],"about":[{"href":"https:\/\/www.demsasmetal.com\/en\/wp-json\/wp\/v2\/types\/page"}],"author":[{"embeddable":true,"href":"https:\/\/www.demsasmetal.com\/en\/wp-json\/wp\/v2\/users\/1"}],"replies":[{"embeddable":true,"href":"https:\/\/www.demsasmetal.com\/en\/wp-json\/wp\/v2\/comments?post=28212"}],"version-history":[{"count":42,"href":"https:\/\/www.demsasmetal.com\/en\/wp-json\/wp\/v2\/pages\/28212\/revisions"}],"predecessor-version":[{"id":28863,"href":"https:\/\/www.demsasmetal.com\/en\/wp-json\/wp\/v2\/pages\/28212\/revisions\/28863"}],"wp:attachment":[{"href":"https:\/\/www.demsasmetal.com\/en\/wp-json\/wp\/v2\/media?parent=28212"}],"curies":[{"name":"wp","href":"https:\/\/api.w.org\/{rel}","templated":true}]}}